{"id":8,"date":"2022-09-15T07:43:23","date_gmt":"2022-09-15T07:43:23","guid":{"rendered":"https:\/\/vn.solarpromo.net\/groupstage\/?page_id=8"},"modified":"2026-04-16T08:40:34","modified_gmt":"2026-04-16T00:40:34","slug":"home","status":"publish","type":"page","link":"https:\/\/vn.solarpromo.net\/groupstage\/","title":{"rendered":"Home"},"content":{"rendered":"<div id=\"pl-8\"  class=\"panel-layout\" ><div id=\"pg-8-0\"  class=\"panel-grid panel-has-style\" ><div class=\"siteorigin-panels-stretch panel-row-style panel-row-style-for-8-0\" data-stretch-type=\"full-stretched\" ><div id=\"pgc-8-0-0\"  class=\"panel-grid-cell\" ><div id=\"panel-8-0-0-0\" class=\"so-panel widget widget_sow-slider panel-first-child panel-last-child\" data-index=\"0\" ><div class=\"panel-widget-style panel-widget-style-for-8-0-0-0\" ><div\n\t\t\t\n\t\t\tclass=\"so-widget-sow-slider so-widget-sow-slider-default-6d39609536fd-8\"\n\t\t\t\n\t\t>\t\t\t\t<div class=\"sow-slider-base\" style=\"display: none\" tabindex=\"0\">\n\t\t\t\t\t<ul\n\t\t\t\t\tclass=\"sow-slider-images\"\n\t\t\t\t\tdata-settings=\"{&quot;pagination&quot;:true,&quot;speed&quot;:800,&quot;timeout&quot;:8000,&quot;paused&quot;:false,&quot;pause_on_hover&quot;:false,&quot;swipe&quot;:true,&quot;nav_always_show_desktop&quot;:&quot;&quot;,&quot;nav_always_show_mobile&quot;:&quot;&quot;,&quot;breakpoint&quot;:&quot;780px&quot;,&quot;unmute&quot;:false,&quot;anchor&quot;:null}\"\n\t\t\t\t\t\t\t\t\t\tdata-anchor-id=\"\"\n\t\t\t\t>\t\t<li class=\"sow-slider-image\" style=\"visibility: visible;\" >\n\t\t\t\t\t\t<div class=\"sow-slider-image-container\">\n\t\t\t\t<div class=\"sow-slider-image-wrapper\" style=\"max-width: 1920px\">\n\t\t\t\t\t\t\t\t\t\t<div class=\"sow-slider-image-foreground-wrapper\">\n\t\t\t\t\t\t<img loading=\"lazy\" decoding=\"async\" width=\"1920\" height=\"400\" src=\"https:\/\/vn.solarpromo.net\/groupstage\/wp-content\/uploads\/2022\/09\/World-Cup-Groups-Banner-VN.jpg\" class=\"sow-slider-foreground-image\" alt=\"\" style=\"\" srcset=\"https:\/\/vn.solarpromo.net\/groupstage\/wp-content\/uploads\/2022\/09\/World-Cup-Groups-Banner-VN.jpg 1920w, https:\/\/vn.solarpromo.net\/groupstage\/wp-content\/uploads\/2022\/09\/World-Cup-Groups-Banner-VN-300x63.jpg 300w, https:\/\/vn.solarpromo.net\/groupstage\/wp-content\/uploads\/2022\/09\/World-Cup-Groups-Banner-VN-1024x213.jpg 1024w, https:\/\/vn.solarpromo.net\/groupstage\/wp-content\/uploads\/2022\/09\/World-Cup-Groups-Banner-VN-768x160.jpg 768w, https:\/\/vn.solarpromo.net\/groupstage\/wp-content\/uploads\/2022\/09\/World-Cup-Groups-Banner-VN-1536x320.jpg 1536w\" sizes=\"auto, (max-width: 1920px) 100vw, 1920px\" \/>\t\t\t\t\t<\/div>\n\t\t\t\t\t\t\t\t\t<\/div>\n\t\t\t<\/div>\n\t\t\t\t\t<\/li>\n\t\t<\/ul>\t\t\t\t<ol class=\"sow-slider-pagination\">\n\t\t\t\t\t\t\t\t\t\t\t<li><a href=\"#\" data-goto=\"0\" aria-label=\"Display slide 1\"><\/a><\/li>\n\t\t\t\t\t\t\t\t\t<\/ol>\n\n\t\t\t\t<div class=\"sow-slide-nav sow-slide-nav-next\">\n\t\t\t\t\t<a href=\"#\" data-goto=\"next\" aria-label=\"Next slide\" data-action=\"next\">\n\t\t\t\t\t\t<em class=\"sow-sld-icon-thin-right\"><\/em>\n\t\t\t\t\t<\/a>\n\t\t\t\t<\/div>\n\n\t\t\t\t<div class=\"sow-slide-nav sow-slide-nav-prev\">\n\t\t\t\t\t<a href=\"#\" data-goto=\"previous\" aria-label=\"Previous slide\" data-action=\"prev\">\n\t\t\t\t\t\t<em class=\"sow-sld-icon-thin-left\"><\/em>\n\t\t\t\t\t<\/a>\n\t\t\t\t<\/div>\n\t\t\t\t<\/div><\/div><\/div><\/div><\/div><\/div><\/div><div id=\"pg-8-1\"  class=\"panel-grid panel-has-style\" ><div class=\"siteorigin-panels-stretch panel-row-style panel-row-style-for-8-1\" data-stretch-type=\"full-stretched\" ><div id=\"pgc-8-1-0\"  class=\"panel-grid-cell\" ><div id=\"panel-8-1-0-0\" class=\"so-panel widget widget_sow-slider panel-first-child panel-last-child\" data-index=\"1\" ><div class=\"panel-widget-style panel-widget-style-for-8-1-0-0\" ><div\n\t\t\t\n\t\t\tclass=\"so-widget-sow-slider so-widget-sow-slider-default-6d39609536fd-8\"\n\t\t\t\n\t\t>\t\t\t\t<div class=\"sow-slider-base\" style=\"display: none\" tabindex=\"0\">\n\t\t\t\t\t<ul\n\t\t\t\t\tclass=\"sow-slider-images\"\n\t\t\t\t\tdata-settings=\"{&quot;pagination&quot;:true,&quot;speed&quot;:800,&quot;timeout&quot;:8000,&quot;paused&quot;:false,&quot;pause_on_hover&quot;:false,&quot;swipe&quot;:true,&quot;nav_always_show_desktop&quot;:&quot;&quot;,&quot;nav_always_show_mobile&quot;:&quot;&quot;,&quot;breakpoint&quot;:&quot;780px&quot;,&quot;unmute&quot;:false,&quot;anchor&quot;:null}\"\n\t\t\t\t\t\t\t\t\t\tdata-anchor-id=\"\"\n\t\t\t\t>\t\t<li class=\"sow-slider-image\" style=\"visibility: visible;\" >\n\t\t\t\t\t\t<div class=\"sow-slider-image-container\">\n\t\t\t\t<div class=\"sow-slider-image-wrapper\" style=\"max-width: 920px\">\n\t\t\t\t\t\t\t\t\t\t<div class=\"sow-slider-image-foreground-wrapper\">\n\t\t\t\t\t\t<img loading=\"lazy\" decoding=\"async\" width=\"920\" height=\"380\" src=\"https:\/\/vn.solarpromo.net\/groupstage\/wp-content\/uploads\/2022\/09\/World-Cup-Groups-Banner-Mobile-VN.jpg\" class=\"sow-slider-foreground-image\" alt=\"\" style=\"\" srcset=\"https:\/\/vn.solarpromo.net\/groupstage\/wp-content\/uploads\/2022\/09\/World-Cup-Groups-Banner-Mobile-VN.jpg 920w, https:\/\/vn.solarpromo.net\/groupstage\/wp-content\/uploads\/2022\/09\/World-Cup-Groups-Banner-Mobile-VN-300x124.jpg 300w, https:\/\/vn.solarpromo.net\/groupstage\/wp-content\/uploads\/2022\/09\/World-Cup-Groups-Banner-Mobile-VN-768x317.jpg 768w\" sizes=\"auto, (max-width: 920px) 100vw, 920px\" \/>\t\t\t\t\t<\/div>\n\t\t\t\t\t\t\t\t\t<\/div>\n\t\t\t<\/div>\n\t\t\t\t\t<\/li>\n\t\t<\/ul>\t\t\t\t<ol class=\"sow-slider-pagination\">\n\t\t\t\t\t\t\t\t\t\t\t<li><a href=\"#\" data-goto=\"0\" aria-label=\"Display slide 1\"><\/a><\/li>\n\t\t\t\t\t\t\t\t\t<\/ol>\n\n\t\t\t\t<div class=\"sow-slide-nav sow-slide-nav-next\">\n\t\t\t\t\t<a href=\"#\" data-goto=\"next\" aria-label=\"Next slide\" data-action=\"next\">\n\t\t\t\t\t\t<em class=\"sow-sld-icon-thin-right\"><\/em>\n\t\t\t\t\t<\/a>\n\t\t\t\t<\/div>\n\n\t\t\t\t<div class=\"sow-slide-nav sow-slide-nav-prev\">\n\t\t\t\t\t<a href=\"#\" data-goto=\"previous\" aria-label=\"Previous slide\" data-action=\"prev\">\n\t\t\t\t\t\t<em class=\"sow-sld-icon-thin-left\"><\/em>\n\t\t\t\t\t<\/a>\n\t\t\t\t<\/div>\n\t\t\t\t<\/div><\/div><\/div><\/div><\/div><\/div><\/div><div id=\"pg-8-2\"  class=\"panel-grid panel-has-style\" ><div class=\"panel-row-style panel-row-style-for-8-2\" ><div id=\"pgc-8-2-0\"  class=\"panel-grid-cell\" ><div id=\"panel-8-2-0-0\" class=\"so-panel widget widget_sow-button panel-first-child panel-last-child\" data-index=\"2\" ><div\n\t\t\t\n\t\t\tclass=\"so-widget-sow-button so-widget-sow-button-flat-be48631bf33c-8\"\n\t\t\t\n\t\t><div class=\"ow-button-base ow-button-align-center\"\n>\n\t\t\t<a\n\t\t\t\t\thref=\"#wow-modal-id-1\"\n\t\t\t\t\tclass=\"sowb-button ow-icon-placement-left ow-button-hover\" \t>\n\t\t<span>\n\t\t\t\n\t\t\tC\u01a0 C\u1ea4U TR\u00d2 CH\u01a0I V\u00c0 GI\u1ea2I TH\u01af\u1edeNG\t\t<\/span>\n\t\t\t<\/a>\n\t<\/div>\n<\/div><\/div><\/div><\/div><\/div><div id=\"pg-8-3\"  class=\"panel-grid panel-no-style\" ><div id=\"pgc-8-3-0\"  class=\"panel-grid-cell\" ><div id=\"panel-8-3-0-0\" class=\"so-panel widget widget_sow-editor panel-first-child panel-last-child\" data-index=\"3\" ><div\n\t\t\t\n\t\t\tclass=\"so-widget-sow-editor so-widget-sow-editor-base\"\n\t\t\t\n\t\t>\n<div class=\"siteorigin-widget-tinymce textwidget\">\n\t\n<div class=\"wpcf7 no-js\" id=\"wpcf7-f5-o1\" lang=\"en-US\" dir=\"ltr\" data-wpcf7-id=\"5\">\n<div class=\"screen-reader-response\"><p role=\"status\" aria-live=\"polite\" aria-atomic=\"true\"><\/p> <ul><\/ul><\/div>\n<form action=\"\/groupstage\/wp-json\/wp\/v2\/pages\/8#wpcf7-f5-o1\" method=\"post\" class=\"wpcf7-form init\" aria-label=\"Contact form\" novalidate=\"novalidate\" data-status=\"init\">\n<fieldset class=\"hidden-fields-container\"><input type=\"hidden\" name=\"_wpcf7\" value=\"5\" \/><input type=\"hidden\" name=\"_wpcf7_version\" value=\"6.1.5\" \/><input type=\"hidden\" name=\"_wpcf7_locale\" value=\"en_US\" \/><input type=\"hidden\" name=\"_wpcf7_unit_tag\" value=\"wpcf7-f5-o1\" \/><input type=\"hidden\" name=\"_wpcf7_container_post\" value=\"0\" \/><input type=\"hidden\" name=\"_wpcf7_posted_data_hash\" value=\"\" \/><input type=\"hidden\" name=\"_uacf7_hidden_conditional_fields\" value=\"\" \/>\n<\/fieldset>\n<div class=\"uacf7-form-wrapper-container uacf7-form-5  \"><div class=\"predictions\">\n\n<div class=\"group\">\n   <h2>B\u1ea2NG A<\/h2>\n   <div class=\"group-img\">\n   <img decoding=\"async\" src=\"https:\/\/worldcup-22.com\/wp-content\/uploads\/2022\/09\/flag-qatar.jpg\"><\/img>\n   <img decoding=\"async\" src=\"https:\/\/worldcup-22.com\/wp-content\/uploads\/2022\/09\/flag-ecuador.jpg\"><\/img>\n   <img decoding=\"async\" src=\"https:\/\/worldcup-22.com\/wp-content\/uploads\/2022\/09\/flag-senegal.jpg\"><\/img>\n   <img decoding=\"async\" src=\"https:\/\/worldcup-22.com\/wp-content\/uploads\/2022\/09\/flag-netherlands.jpg\"><\/img>\n   <\/div>\n   <div class=\"group-con\">\n    <div class=\"ranking\">\n    <span class=\"wpcf7-form-control-wrap\" data-name=\"GROUP-A-1ST\"><select class=\"wpcf7-form-control wpcf7-select wpcf7-validates-as-required\" aria-required=\"true\" aria-invalid=\"false\" name=\"GROUP-A-1ST\"><option value=\"\">-CH\u1eccN \u0110\u1ed8I-<\/option><option value=\"Qatar\">Qatar<\/option><option value=\"Ecuador\">Ecuador<\/option><option value=\"Senegal\">Senegal<\/option><option value=\"Netherlands\">Netherlands<\/option><\/select><\/span>\n    <\/div>\n    <div class=\"ranking\">\n    <span class=\"wpcf7-form-control-wrap\" data-name=\"GROUP-A-2ND\"><select class=\"wpcf7-form-control wpcf7-select wpcf7-validates-as-required\" aria-required=\"true\" aria-invalid=\"false\" name=\"GROUP-A-2ND\"><option value=\"\">-CH\u1eccN \u0110\u1ed8I-<\/option><option value=\"Ecuador\">Ecuador<\/option><option value=\"Qatar\">Qatar<\/option><option value=\"Senegal\">Senegal<\/option><option value=\"Netherlands\">Netherlands<\/option><\/select><\/span>\n    <\/div>\n    \n   <\/div>\n<\/div>\n\n<div class=\"group\">\n<h2>B\u1ea2NG B<\/h2>\n<div class=\"group-img\">\n   <img decoding=\"async\" src=\"https:\/\/worldcup-22.com\/wp-content\/uploads\/2022\/09\/flag-england.jpg\"><\/img>\n   <img decoding=\"async\" src=\"https:\/\/worldcup-22.com\/wp-content\/uploads\/2022\/09\/flag-iran.jpg\"><\/img>\n   <img decoding=\"async\" src=\"https:\/\/worldcup-22.com\/wp-content\/uploads\/2022\/09\/flag-usa.jpg\"><\/img>\n   <img decoding=\"async\" src=\"https:\/\/worldcup-22.com\/wp-content\/uploads\/2022\/09\/flag-wales.jpg\"><\/img>\n<\/div>\n   <div class=\"group-con\">\n      <div class=\"ranking\">\n     <span class=\"wpcf7-form-control-wrap\" data-name=\"GROUP-B-1ST\"><select class=\"wpcf7-form-control wpcf7-select wpcf7-validates-as-required\" aria-required=\"true\" aria-invalid=\"false\" name=\"GROUP-B-1ST\"><option value=\"\">-CH\u1eccN \u0110\u1ed8I-<\/option><option value=\"England\">England<\/option><option value=\"Iran\">Iran<\/option><option value=\"USA\">USA<\/option><option value=\"Wales\">Wales<\/option><\/select><\/span>\n      <\/div>\n     <div class=\"ranking\">\n     <span class=\"wpcf7-form-control-wrap\" data-name=\"GROUP-B-2ND\"><select class=\"wpcf7-form-control wpcf7-select wpcf7-validates-as-required\" aria-required=\"true\" aria-invalid=\"false\" name=\"GROUP-B-2ND\"><option value=\"\">-CH\u1eccN \u0110\u1ed8I-<\/option><option value=\"Iran\">Iran<\/option><option value=\"England\">England<\/option><option value=\"USA\">USA<\/option><option value=\"Wales\">Wales<\/option><\/select><\/span>\n      <\/div>\n\n   <\/div>\n<\/div>\n\n\n<div class=\"group\">\n<h2>B\u1ea2NG C<\/h2>\n<div class=\"group-img\">\n   <img decoding=\"async\" src=\"https:\/\/worldcup-22.com\/wp-content\/uploads\/2022\/09\/flag-argentina.jpg\"><\/img>\n   <img decoding=\"async\" src=\"https:\/\/worldcup-22.com\/wp-content\/uploads\/2022\/09\/flag-saudi.jpg\"><\/img>\n   <img decoding=\"async\" src=\"https:\/\/worldcup-22.com\/wp-content\/uploads\/2022\/09\/flag-mexico.jpg\"><\/img>\n   <img decoding=\"async\" src=\"https:\/\/worldcup-22.com\/wp-content\/uploads\/2022\/09\/flag-poland.jpg\"><\/img>\n<\/div>\n   <div class=\"group-con\">\n      <div class=\"ranking\">\n      <span class=\"wpcf7-form-control-wrap\" data-name=\"GROUP-C-1ST\"><select class=\"wpcf7-form-control wpcf7-select wpcf7-validates-as-required\" aria-required=\"true\" aria-invalid=\"false\" name=\"GROUP-C-1ST\"><option value=\"\">-CH\u1eccN \u0110\u1ed8I-<\/option><option value=\"Argentina\">Argentina<\/option><option value=\"Saudi Arabia\">Saudi Arabia<\/option><option value=\"Mexico\">Mexico<\/option><option value=\"Poland\">Poland<\/option><\/select><\/span>\n      <\/div>\n      <div class=\"ranking\">\n      <span class=\"wpcf7-form-control-wrap\" data-name=\"GROUP-C-2ND\"><select class=\"wpcf7-form-control wpcf7-select wpcf7-validates-as-required\" aria-required=\"true\" aria-invalid=\"false\" name=\"GROUP-C-2ND\"><option value=\"\">-CH\u1eccN \u0110\u1ed8I-<\/option><option value=\"Saudi Arabia\">Saudi Arabia<\/option><option value=\"Argentina\">Argentina<\/option><option value=\"Mexico\">Mexico<\/option><option value=\"Poland\">Poland<\/option><\/select><\/span>\n      <\/div>\n\n   <\/div>\n<\/div>\n\n\n<div class=\"group\">\n<h2>B\u1ea2NG D<\/h2>\n<div class=\"group-img\">\n   <img decoding=\"async\" src=\"https:\/\/worldcup-22.com\/wp-content\/uploads\/2022\/09\/flag-france.jpg\"><\/img>\n   <img decoding=\"async\" src=\"https:\/\/worldcup-22.com\/wp-content\/uploads\/2022\/09\/flag-australia.jpg\"><\/img>\n   <img decoding=\"async\" src=\"https:\/\/worldcup-22.com\/wp-content\/uploads\/2022\/09\/flag-denmark.jpg\"><\/img>\n   <img decoding=\"async\" src=\"https:\/\/worldcup-22.com\/wp-content\/uploads\/2022\/09\/flag-tunisia.jpg\"><\/img>\n<\/div>\n   <div class=\"group-con\">\n     <div class=\"ranking\">\n     <span class=\"wpcf7-form-control-wrap\" data-name=\"GROUP-D-1ST\"><select class=\"wpcf7-form-control wpcf7-select wpcf7-validates-as-required\" aria-required=\"true\" aria-invalid=\"false\" name=\"GROUP-D-1ST\"><option value=\"\">-CH\u1eccN \u0110\u1ed8I-<\/option><option value=\"France\">France<\/option><option value=\"Australia\">Australia<\/option><option value=\"Denmark\">Denmark<\/option><option value=\"Tunisia\">Tunisia<\/option><\/select><\/span>\n      <\/div>\n     <div class=\"ranking\">\n     <span class=\"wpcf7-form-control-wrap\" data-name=\"GROUP-D-2ND\"><select class=\"wpcf7-form-control wpcf7-select wpcf7-validates-as-required\" aria-required=\"true\" aria-invalid=\"false\" name=\"GROUP-D-2ND\"><option value=\"\">-CH\u1eccN \u0110\u1ed8I-<\/option><option value=\"Australia\">Australia<\/option><option value=\"France\">France<\/option><option value=\"Denmark\">Denmark<\/option><option value=\"Tunisia\">Tunisia<\/option><\/select><\/span>\n      <\/div>\n\n   <\/div>\n<\/div>\n\n\n<div class=\"group\">\n<h2>B\u1ea2NG E<\/h2>\n<div class=\"group-img\">\n   <img decoding=\"async\" src=\"https:\/\/worldcup-22.com\/wp-content\/uploads\/2022\/09\/flag-spain.jpg\"><\/img>\n   <img decoding=\"async\" src=\"https:\/\/worldcup-22.com\/wp-content\/uploads\/2022\/09\/flag-costa-rica.jpg\"><\/img>\n   <img decoding=\"async\" src=\"https:\/\/worldcup-22.com\/wp-content\/uploads\/2022\/09\/flag-germany.jpg\"><\/img>\n   <img decoding=\"async\" src=\"https:\/\/worldcup-22.com\/wp-content\/uploads\/2022\/09\/flag-japan.jpg\"><\/img>\n<\/div>\n   <div class=\"group-con\">\n      <div class=\"ranking\">\n     <span class=\"wpcf7-form-control-wrap\" data-name=\"GROUP-E-1ST\"><select class=\"wpcf7-form-control wpcf7-select wpcf7-validates-as-required\" aria-required=\"true\" aria-invalid=\"false\" name=\"GROUP-E-1ST\"><option value=\"\">-CH\u1eccN \u0110\u1ed8I-<\/option><option value=\"Spain\">Spain<\/option><option value=\"Costa Rica\">Costa Rica<\/option><option value=\"Germany\">Germany<\/option><option value=\"Japan\">Japan<\/option><\/select><\/span>\n      <\/div>\n     <div class=\"ranking\">\n     <span class=\"wpcf7-form-control-wrap\" data-name=\"GROUP-E-2ND\"><select class=\"wpcf7-form-control wpcf7-select wpcf7-validates-as-required\" aria-required=\"true\" aria-invalid=\"false\" name=\"GROUP-E-2ND\"><option value=\"\">-CH\u1eccN \u0110\u1ed8I-<\/option><option value=\"Costa Rica\">Costa Rica<\/option><option value=\"Spain\">Spain<\/option><option value=\"Germany\">Germany<\/option><option value=\"Japan\">Japan<\/option><\/select><\/span>\n      <\/div>\n\n   <\/div>\n<\/div>\n\n<div class=\"group\">\n<h2>B\u1ea2NG F<\/h2>\n<div class=\"group-img\">\n   <img decoding=\"async\" src=\"https:\/\/worldcup-22.com\/wp-content\/uploads\/2022\/09\/flag-belgium.jpg\"><\/img>\n   <img decoding=\"async\" src=\"https:\/\/worldcup-22.com\/wp-content\/uploads\/2022\/09\/flag-canada.jpg\"><\/img>\n   <img decoding=\"async\" src=\"https:\/\/worldcup-22.com\/wp-content\/uploads\/2022\/09\/flag-morocco.jpg\"><\/img>\n   <img decoding=\"async\" src=\"https:\/\/worldcup-22.com\/wp-content\/uploads\/2022\/09\/flag-croatia.jpg\"><\/img>\n<\/div>\n   <div class=\"group-con\">\n      <div class=\"ranking\">\n     <span class=\"wpcf7-form-control-wrap\" data-name=\"GROUP-F-1ST\"><select class=\"wpcf7-form-control wpcf7-select wpcf7-validates-as-required\" aria-required=\"true\" aria-invalid=\"false\" name=\"GROUP-F-1ST\"><option value=\"\">-CH\u1eccN \u0110\u1ed8I-<\/option><option value=\"Belgium\">Belgium<\/option><option value=\"Canada\">Canada<\/option><option value=\"Morocco\">Morocco<\/option><option value=\"Croatia\">Croatia<\/option><\/select><\/span>\n      <\/div>\n     <div class=\"ranking\">\n     <span class=\"wpcf7-form-control-wrap\" data-name=\"GROUP-F-2ND\"><select class=\"wpcf7-form-control wpcf7-select wpcf7-validates-as-required\" aria-required=\"true\" aria-invalid=\"false\" name=\"GROUP-F-2ND\"><option value=\"\">-CH\u1eccN \u0110\u1ed8I-<\/option><option value=\"Canada\">Canada<\/option><option value=\"Belgium\">Belgium<\/option><option value=\"Morocco\">Morocco<\/option><option value=\"Croatia\">Croatia<\/option><\/select><\/span>\n      <\/div>\n\n   <\/div>\n<\/div>\n\n<div class=\"group\">\n<h2>B\u1ea2NG G<\/h2>\n<div class=\"group-img\">\n   <img decoding=\"async\" src=\"https:\/\/worldcup-22.com\/wp-content\/uploads\/2022\/09\/flag-brazil.jpg\"><\/img>\n   <img decoding=\"async\" src=\"https:\/\/worldcup-22.com\/wp-content\/uploads\/2022\/09\/flag-serbia.jpg\"><\/img>\n   <img decoding=\"async\" src=\"https:\/\/worldcup-22.com\/wp-content\/uploads\/2022\/09\/flag-switzerland.jpg\"><\/img>\n   <img decoding=\"async\" src=\"https:\/\/worldcup-22.com\/wp-content\/uploads\/2022\/09\/flag-cameroon.jpg\"><\/img>\n<\/div>\n   <div class=\"group-con\">\n     <div class=\"ranking\">\n     <span class=\"wpcf7-form-control-wrap\" data-name=\"GROUP-G-1ST\"><select class=\"wpcf7-form-control wpcf7-select wpcf7-validates-as-required\" aria-required=\"true\" aria-invalid=\"false\" name=\"GROUP-G-1ST\"><option value=\"\">-CH\u1eccN \u0110\u1ed8I-<\/option><option value=\"Brazil\">Brazil<\/option><option value=\"Serbia\">Serbia<\/option><option value=\"Switzerland\">Switzerland<\/option><option value=\"Cameroon\">Cameroon<\/option><\/select><\/span>\n     <\/div>\n     <div class=\"ranking\">\n     <span class=\"wpcf7-form-control-wrap\" data-name=\"GROUP-G-2ND\"><select class=\"wpcf7-form-control wpcf7-select wpcf7-validates-as-required\" aria-required=\"true\" aria-invalid=\"false\" name=\"GROUP-G-2ND\"><option value=\"\">-CH\u1eccN \u0110\u1ed8I-<\/option><option value=\"Serbia\">Serbia<\/option><option value=\"Brazil\">Brazil<\/option><option value=\"Switzerland\">Switzerland<\/option><option value=\"Cameroon\">Cameroon<\/option><\/select><\/span>\n     <\/div>\n     \n   <\/div>\n<\/div>\n\n<div class=\"group\">\n<h2>B\u1ea2NG H<\/h2>\n<div class=\"group-img\">\n   <img decoding=\"async\" src=\"https:\/\/worldcup-22.com\/wp-content\/uploads\/2022\/09\/flag-portugal.jpg\"><\/img>\n   <img decoding=\"async\" src=\"https:\/\/worldcup-22.com\/wp-content\/uploads\/2022\/09\/flag-ghana.jpg\"><\/img>\n   <img decoding=\"async\" src=\"https:\/\/worldcup-22.com\/wp-content\/uploads\/2022\/09\/flag-uruguay.jpg\"><\/img>\n   <img decoding=\"async\" src=\"https:\/\/worldcup-22.com\/wp-content\/uploads\/2022\/09\/flag-korea.jpg\"><\/img>\n<\/div>\n   <div class=\"group-con\">\n     <div class=\"ranking\">\n     <span class=\"wpcf7-form-control-wrap\" data-name=\"GROUP-H-1ST\"><select class=\"wpcf7-form-control wpcf7-select wpcf7-validates-as-required\" aria-required=\"true\" aria-invalid=\"false\" name=\"GROUP-H-1ST\"><option value=\"\">-CH\u1eccN \u0110\u1ed8I-<\/option><option value=\"Portugal\">Portugal<\/option><option value=\"Ghana\">Ghana<\/option><option value=\"Uruguay\">Uruguay<\/option><option value=\"South Korea\">South Korea<\/option><\/select><\/span>\n   <\/div>\n     <div class=\"ranking\">\n     <span class=\"wpcf7-form-control-wrap\" data-name=\"GROUP-H-2ND\"><select class=\"wpcf7-form-control wpcf7-select wpcf7-validates-as-required\" aria-required=\"true\" aria-invalid=\"false\" name=\"GROUP-H-2ND\"><option value=\"\">-CH\u1eccN \u0110\u1ed8I-<\/option><option value=\"Ghana\">Ghana<\/option><option value=\"Portugal\">Portugal<\/option><option value=\"Uruguay\">Uruguay<\/option><option value=\"South Korea\">South Korea<\/option><\/select><\/span>\n  <\/div>\n<\/div>\n<\/div>\n\n<div class=\"player-details\">\n<div class=\"game-text\">\n<h3 style=\"margin:0px;\">\u0110I\u1ec0N TH\u00d4NG TIN \u0110\u1ec2 G\u1eecI D\u1ef0 \u0110O\u00c1N C\u1ee6A B\u1ea0N<\/h3>\n<div class=\"info\"> i<\/div> \n<div class=\"infopop\">Vui l\u00f2ng s\u1eed d\u1ee5ng email v\u00e0 s\u1ed1 \u0111i\u1ec7n tho\u1ea1i x\u00e1c th\u1ef1c \u0111\u1ec3 ch\u00fang t\u00f4i c\u00f3 th\u1ec3 li\u00ean h\u1ec7 t\u1edbi b\u1ea1n khi b\u1ea1n th\u1eafng<\/div>\n<\/div>\n<div class=\"form-inline details\">\n<span class=\"wpcf7-form-control-wrap\" data-name=\"your-name\"><input size=\"40\" maxlength=\"400\" class=\"wpcf7-form-control wpcf7-text wpcf7-validates-as-required\" aria-required=\"true\" aria-invalid=\"false\" placeholder=\"T\u00ean \u0111\u0103ng nh\u1eadp\" value=\"\" type=\"text\" name=\"your-name\" \/><\/span>\n<span class=\"wpcf7-form-control-wrap\" data-name=\"your-email\"><input size=\"40\" maxlength=\"400\" class=\"wpcf7-form-control wpcf7-email wpcf7-validates-as-required wpcf7-text wpcf7-validates-as-email\" aria-required=\"true\" aria-invalid=\"false\" placeholder=\"Email\" value=\"\" type=\"email\" name=\"your-email\" \/><\/span>\n<div class=\"telcon\">\n<span class=\"wpcf7-form-control-wrap\" data-name=\"code\"><input size=\"40\" maxlength=\"400\" class=\"wpcf7-form-control wpcf7-tel wpcf7-text wpcf7-validates-as-tel\" readonly=\"readonly\" aria-invalid=\"false\" value=\"84\" type=\"tel\" name=\"code\" \/><\/span><span class=\"wpcf7-form-control-wrap\" data-name=\"Contact\"><input size=\"40\" maxlength=\"400\" class=\"wpcf7-form-control wpcf7-text wpcf7-validates-as-required\" aria-required=\"true\" aria-invalid=\"false\" placeholder=\"S\u1ed1 \u0111i\u1ec7n tho\u1ea1i\" value=\"\" type=\"text\" name=\"Contact\" \/><\/span>\n<\/div>\n<\/div>\n\n<input class=\"wpcf7-form-control wpcf7-submit has-spinner\" type=\"submit\" value=\"G\u1eedi\" \/>\n\n<\/div><\/div><p style=\"display: none !important;\" class=\"akismet-fields-container\" data-prefix=\"_wpcf7_ak_\"><label>&#916;<textarea name=\"_wpcf7_ak_hp_textarea\" cols=\"45\" rows=\"8\" maxlength=\"100\"><\/textarea><\/label><input type=\"hidden\" id=\"ak_js_1\" name=\"_wpcf7_ak_js\" value=\"45\"\/><script>document.getElementById( \"ak_js_1\" ).setAttribute( \"value\", ( new Date() ).getTime() );<\/script><\/p><div class=\"wpcf7-response-output\" aria-hidden=\"true\"><\/div>\n<\/form>\n<\/div>\n\n<\/div>\n<\/div><\/div><\/div><\/div><\/div>","protected":false},"excerpt":{"rendered":"<p>C\u01a0 C\u1ea4U TR\u00d2 CH\u01a0I V\u00c0 GI\u1ea2I TH\u01af\u1edeNG B\u1ea2NG A -CH\u1eccN \u0110\u1ed8I-QatarEcuadorSenegalNetherlands -CH\u1eccN \u0110\u1ed8I-EcuadorQatarSenegalNetherlands B\u1ea2NG B -CH\u1eccN \u0110\u1ed8I-EnglandIranUSAWales -CH\u1eccN \u0110\u1ed8I-IranEnglandUSAWales B\u1ea2NG C -CH\u1eccN \u0110\u1ed8I-ArgentinaSaudi ArabiaMexicoPoland -CH\u1eccN&hellip;<\/p>\n","protected":false},"author":1,"featured_media":0,"parent":0,"menu_order":0,"comment_status":"closed","ping_status":"open","template":"","meta":{"footnotes":""},"class_list":["post-8","page","type-page","status-publish","hentry"],"_links":{"self":[{"href":"https:\/\/vn.solarpromo.net\/groupstage\/wp-json\/wp\/v2\/pages\/8","targetHints":{"allow":["GET"]}}],"collection":[{"href":"https:\/\/vn.solarpromo.net\/groupstage\/wp-json\/wp\/v2\/pages"}],"about":[{"href":"https:\/\/vn.solarpromo.net\/groupstage\/wp-json\/wp\/v2\/types\/page"}],"author":[{"embeddable":true,"href":"https:\/\/vn.solarpromo.net\/groupstage\/wp-json\/wp\/v2\/users\/1"}],"replies":[{"embeddable":true,"href":"https:\/\/vn.solarpromo.net\/groupstage\/wp-json\/wp\/v2\/comments?post=8"}],"version-history":[{"count":29,"href":"https:\/\/vn.solarpromo.net\/groupstage\/wp-json\/wp\/v2\/pages\/8\/revisions"}],"predecessor-version":[{"id":1226,"href":"https:\/\/vn.solarpromo.net\/groupstage\/wp-json\/wp\/v2\/pages\/8\/revisions\/1226"}],"wp:attachment":[{"href":"https:\/\/vn.solarpromo.net\/groupstage\/wp-json\/wp\/v2\/media?parent=8"}],"curies":[{"name":"wp","href":"https:\/\/api.w.org\/{rel}","templated":true}]}}